{"id":1134,"date":"2026-03-09T19:18:53","date_gmt":"2026-03-09T18:18:53","guid":{"rendered":"https:\/\/wtomaszowie.pl\/?page_id=1134"},"modified":"2026-03-09T19:18:53","modified_gmt":"2026-03-09T18:18:53","slug":"classifieds","status":"publish","type":"page","link":"https:\/\/wtomaszowie.pl\/?page_id=1134","title":{"rendered":"Classifieds"},"content":{"rendered":"\n<style type=\"text\/css\">\n    .wpadverts-blocks.wpadverts-block-search {\n        --wpa-color-gray-50: 249,250,251;\r\n--wpa-color-gray-100: 243,244,246;\r\n--wpa-color-gray-200: 229,231,235;\r\n--wpa-color-gray-300: 209,213,219;\r\n--wpa-color-gray-400: 156,163,175;\r\n--wpa-color-gray-500: 107,114,128;\r\n--wpa-color-gray-600: 75,85,99;\r\n--wpa-color-gray-700: 55,65,81;\r\n--wpa-color-gray-800: 31,41,55;\r\n--wpa-color-gray-900: 17,24,39;\r\n    }\n        .wpadverts-blocks.wpadverts-block-search .wpa-btn-primary {\n        color: #ffffff;\n        background-color: #e25a58;\n        border-color: #e25a58;\n        --wpa-btn-shadow-color: #e25a58;\n    }\n    .wpadverts-blocks.wpadverts-block-search .wpa-btn-primary > span > i.fas {\n        color: #ffffff;\n    }\n    .wpadverts-blocks.wpadverts-block-search .wpa-btn-primary:hover {\n        color: #ffffff;\n        background-color: #c44c4c;\n        border-color: #c44c4c;\n        --wpa-btn-shadow-color: #c44c4c;\n    }\n    .wpadverts-blocks.wpadverts-block-search .wpa-btn-primary:hover > span > i.fas {\n        color: #ffffff;\n    }\n            .wpadverts-blocks.wpadverts-block-search .wpa-btn-secondary {\n        color: #6b7280;\n        background-color: #e5e7eb;\n        border-color: #e5e7eb;\n        --wpa-btn-shadow-color: #e5e7eb;\n    }\n    .wpadverts-blocks.wpadverts-block-search .wpa-btn-secondary > span > i.fas {\n        color: #6b7280;\n    }\n    .wpadverts-blocks.wpadverts-block-search .wpa-btn-secondary:hover {\n        color: #374151;\n        background-color: #e5e7eb;\n        border-color: #e5e7eb;\n        --wpa-btn-shadow-color: #e5e7eb;\n    }\n    .wpadverts-blocks.wpadverts-block-search .wpa-btn-secondary:hover > span > i.fas {\n        color: #374151;\n    }\n    <\/style>\n\n<div class=\"wpadverts-blocks wpadverts-block-search atw-flex atw-flex-col\">\n\n    <form action=\"\" method=\"get\" class=\"wpadverts-form wpa-solid wpa-shadow-none wpa-border-thin wpa-rounded-md wpa-spacing-0  wpa-padding-sm  atw-block atw-py-0\">\n        \n                \n        <div class=\"atw-flex atw-flex-col md:atw-flex-row\">\n            \n            <div class=\"wpa-form-wrap\">\n                                <div class=\"wpa-form-wrap-inner\">\n                                                                                <div data-name=\"query\" class=\"wpa-field-wrap wpa-field--query atw-w-full md:atw-w-2\/4 wpa-w-half \">\n                                                                                                <div class=\"wpa-field-input\">\n                                                                                    <input type=\"text\" name=\"query\" id=\"query\" placeholder=\"S\u0142owo Kluczowe ...\" class=\" atw-text-base atw-w-full atw-max-w-full\"  \/>                        <\/div>\n                    <\/div>\n                                                                                <div data-name=\"location\" class=\"wpa-field-wrap wpa-field--location atw-w-full md:atw-w-2\/4 wpa-w-half \">\n                                                                                                <div class=\"wpa-field-input\">\n                                                                                    <input type=\"text\" name=\"location\" id=\"location\" placeholder=\"Lokalizacja ...\" class=\" atw-text-base atw-w-full atw-max-w-full\"  \/>                        <\/div>\n                    <\/div>\n                                    <\/div>\n                \n                            <\/div>\n            \n            <div class=\"atw-flex atw-grid-cols-1 atw-pb-3 md:atw-flex-none md:atw-ml-2\">\n                 \n                                \n                <div class=\"js-wpa-search atw-flex-auto\">\n                        <button name=\"\" value=\"\" type=\"submit\"  class=\"wpa-btn-primary  atw-flex hover:atw-bg-none atw-bg-none atw-w-full atw-text-base atw-outline-none atw-border-solid atw-font-semibold atw-px-6 atw-py-2 atw-rounded atw-border atw-leading-loose\">\n        <div class=\"atw-flex-grow\">\n                <span class=\"atw-inline md:atw-inline atw-px-0.5\"><i class=\"fa-solid fa-magnifying-glass atw-text-base md:atw-text-base\"><\/i><\/span> \n                <span class=\"atw-inline md:atw-hidden atw-px-0.5\">Search<\/span>\n        <\/div>\n        <span style=\"display:none\" class=\"atw-flex-0 atw-pl-6 atw-border-l atw-border-gray-800\/20 atw-border-solid\"><i class=\"fas fa-angle-down atw-text-2xl -atw-leading-tight atw-align-middle\"><\/i><\/span>\n    <\/button>\n                    <\/div>\n\n            <\/div>\n            \n        <\/div>\n        \n        \n    <\/form>\n\n<\/div>\n<style type=\"text\/css\">\n            .wpa-result-last-text {\n        color: #b91c1c;\n    }\n        <\/style>\n\n<div class=\"wpadverts-blocks wpadverts-block-list atw-flex atw-flex-col\">\n    \n    <div class=\"atw-flex atw-flex-col md:atw-flex-row-reverse md:atw-justify-between\">\n    \n        <div class=\"atw-flex atw-grow atw-pb-3 md:atw-grow-0 md:atw-space-x-4 atw-justify-between atw-items-center\">\n\n\n            <div class=\"atw-flex atw-flex-none\">\n                                <div class=\"atw-flex atw-align-baseline atw-leading-none atw-space-x-2\">\n                    <div class=\"atw-align-baseline\">\n                        <a href=\"\/index.php?rest_route=%2Fwp%2Fv2%2Fpages%2F1134&amp;display=list\" class=\"js-wpa-view-list  atw-no-underline\" aria-label=\"Icon for list view\"><i class=\"fas fa-th-list atw-text-gray-400 atw-text-2xl md:atw-text-xl atw-leading-1 atw-align-baseline atw-block atw-transition atw-duration-100\"><\/i><\/a>\n                    <\/div>\n                    <div class=\"atw-align-baseline\">\n                        <a href=\"\/index.php?rest_route=%2Fwp%2Fv2%2Fpages%2F1134&amp;display=grid\" class=\"js-wpa-view-grid wpa-selected atw-no-underline\" aria-label=\"Icon for grid view\"><i class=\"fas fa-th-large atw-text-gray-400 atw-text-2xl md:atw-text-xl atw-leading-1 atw-align-baseline\"><\/i><\/a>\n                    <\/div>\n                <\/div>\n                \n            <\/div>\n\n            <div class=\"atw-flex atw-flex-none atw-space-x-3\">\n\n                                <div class=\"\">\n\n                        <span class=\"atw-text-gray-500 atw-text-base\">Sortuj wg::<\/span>\n\n                        <span class=\"atw-relative atw-inline-block atw-text-gray-700 atw-text-base\">\n                            <span id=\"js-wpa-sort\" class=\" atw-cursor-pointer\">\n                                <span>Data Publikacji<\/span>\n                                <i class=\"fas fa-chevron-down atw-text-gray-500 atw-text-base\"><\/i>\n                            <\/span>\n\n                            <div id=\"js-wpa-sort-options\" class=\"atw-hidden atw-z-50 atw-origin-top-right atw-absolute atw-right-0 atw-mt-3 atw-w-56 atw-rounded-sm atw-shadow-lg atw-bg-white atw-ring-1 atw-ring-black atw-ring-opacity-5 atw-divide-y atw-divide-gray-100 focus:atw-outline-none\">\n                                                            <div class=\"py-1 wpa-block-list-sortgroup--date\">\n                                    <span class=\"atw-text-gray-500 atw-block atw-px-4 atw-py-2 atw-text-sm\">\n                                        <strong>Data Publikacji<\/strong>\n                                    <\/span>\n                                                                            <a href=\"\/index.php?rest_route=%2Fwp%2Fv2%2Fpages%2F1134&amp;adverts_sort=date-desc\" class=\"atw-text-gray-700 atw-block atw-px-4 atw-py-2 atw-text-sm atw-no-underline\">\n                                            Najpierw Najnowsze                                            <i class=\"fa-solid fa-asterisk atw-pl-2 atw-text-gray-700\"><\/i>                                        <\/a>\n                                                                            <a href=\"\/index.php?rest_route=%2Fwp%2Fv2%2Fpages%2F1134&amp;adverts_sort=date-asc\" class=\"atw-text-gray-700 atw-block atw-px-4 atw-py-2 atw-text-sm atw-no-underline\">\n                                            Najpierw Najstarsze                                                                                    <\/a>\n                                                                    <\/div>\n                                                            <div class=\"py-1 wpa-block-list-sortgroup--price\">\n                                    <span class=\"atw-text-gray-500 atw-block atw-px-4 atw-py-2 atw-text-sm\">\n                                        <strong>Cena<\/strong>\n                                    <\/span>\n                                                                            <a href=\"\/index.php?rest_route=%2Fwp%2Fv2%2Fpages%2F1134&amp;adverts_sort=price-asc\" class=\"atw-text-gray-700 atw-block atw-px-4 atw-py-2 atw-text-sm atw-no-underline\">\n                                            Najpierw Najta\u0144sze                                                                                    <\/a>\n                                                                            <a href=\"\/index.php?rest_route=%2Fwp%2Fv2%2Fpages%2F1134&amp;adverts_sort=price-desc\" class=\"atw-text-gray-700 atw-block atw-px-4 atw-py-2 atw-text-sm atw-no-underline\">\n                                            Najpierw Najdro\u017csze                                                                                    <\/a>\n                                                                    <\/div>\n                                                            <div class=\"py-1 wpa-block-list-sortgroup--title\">\n                                    <span class=\"atw-text-gray-500 atw-block atw-px-4 atw-py-2 atw-text-sm\">\n                                        <strong>Tytu\u0142<\/strong>\n                                    <\/span>\n                                                                            <a href=\"\/index.php?rest_route=%2Fwp%2Fv2%2Fpages%2F1134&amp;adverts_sort=title-asc\" class=\"atw-text-gray-700 atw-block atw-px-4 atw-py-2 atw-text-sm atw-no-underline\">\n                                            Od A do Z                                                                                    <\/a>\n                                                                            <a href=\"\/index.php?rest_route=%2Fwp%2Fv2%2Fpages%2F1134&amp;adverts_sort=title-desc\" class=\"atw-text-gray-700 atw-block atw-px-4 atw-py-2 atw-text-sm atw-no-underline\">\n                                            Od Z do A                                                                                    <\/a>\n                                                                    <\/div>\n                                                            <div class=\"py-1 wpa-block-list-sortgroup--random\">\n                                    <span class=\"atw-text-gray-500 atw-block atw-px-4 atw-py-2 atw-text-sm\">\n                                        <strong>Random<\/strong>\n                                    <\/span>\n                                                                            <a href=\"\/index.php?rest_route=%2Fwp%2Fv2%2Fpages%2F1134&amp;adverts_sort=random-asc\" class=\"atw-text-gray-700 atw-block atw-px-4 atw-py-2 atw-text-sm atw-no-underline\">\n                                            Random Order                                                                                    <\/a>\n                                                                    <\/div>\n                                                        <\/div>\n\n                        <\/span>\n\n                <\/div>\n                \n            <\/div>\n        <\/div>\n\n                <div class=\"atw-flex atw-grow atw-pb-3\">\n\n            <div class=\"\">\n                <span>\n                    <strong class=\"atw-text-gray-700 atw-text-base\">6<\/strong> \n                    <span class=\"atw-text-gray-500 atw-text-base\">results found.<\/span>\n                <\/span>\n            <\/div>\n\n        <\/div>\n                \n    <\/div>\n\n\n        <div class=\"wpa-block-list-results wpa-results atw-grid atw-p-0 atw-m-0 atw-grid-cols-2 md:atw-grid-cols-2 wpa-grid-view\">\n                        <div class=\"wpa-result-item atw-flex atw-border-solid atw-px-0 atw-border-0 atw-border-t atw-border-gray-100 hover:atw-bg-gray-50 atw-relative  advert-id-1680\">\n    \n        <div class=\"atw-flex atw-flex-none atw-items-center\">\n        \n                        \n\n<div class=\"wpa-picture-grid wpa-block-list-view-grid atw-flex atw-grow\">\n    <div class=\"atw-flex atw-items-center atw-box-border atw-w-full atw-bg-gray-50 atw-rounded atw-overflow-hidden atw-h-56\">\n                    <img decoding=\"async\" src=\"https:\/\/wtomaszowie.pl\/wp-content\/uploads\/2026\/04\/Jasny-i-przytulny-salon-z-TV-310x310.png\" class=\"atw-w-full atw-max-w-full atw-max-h-full atw-block atw-rounded-none atw-border-0 atw-shadow-none atw-object-contain\" title=\"\" alt=\"\" \/>\n        <\/div>\n<\/div>        \n    <\/div>\n           \n    <div class=\"wpa-result-details atw-flex atw-grow\">\n    \n        <div class=\"wpa-detail-left atw-flex atw-flex-col atw-flex-1  \">\n\n            <div class=\"wpa-result-title atw-mb-1 atw-leading-snug\">\n                <a href=\"https:\/\/wtomaszowie.pl\/?advert=elegancka-kondygnacja-domu-z-ogrodem-i-tarasem-88-m%c2%b2-ul-wyzwolenia-tomaszow-lubelski\" title=\"Elegancka kondygnacja domu z ogrodem i tarasem | 88 m\u00b2 | ul. Wyzwolenia Tomasz\u00f3w Lubelski\" class=\"wpa-result-link atw-inline-block atw-no-underline \">\n                    <span class=\"wpa-result-title-text atw-inline-block atw-max-h-16 atw-text-gray-700 atw-text-lg atw-leading-tight atw-font-semibold atw-break-normal\">Elegancka kondygnacja domu z ogrodem i tarasem | 88 m\u00b2 | ul. Wyzwolenia Tomasz\u00f3w Lubelski<\/span>\n                                    <\/a>\n            <\/div>\n\n            <div class=\"wpa-result-meta atw-flex atw-flex-none atw-text-base atw-font-medium atw-text-gray-500\">\n\n                                <div class=\"wpa-result-meta--pattern__post_date\">20\/04\/2026<\/div>                                                \n            <\/div>\n\n\n        <\/div>\n\n                <div class=\"wpa-detail-right wpa-result-last atw-flex atw-items-center \">\n                    <\/div>\n                \n    <\/div>\n    \n        \n\n<\/div>                <div class=\"wpa-result-item atw-flex atw-border-solid atw-px-0 atw-border-0 atw-border-t atw-border-gray-100 hover:atw-bg-gray-50 atw-relative  advert-id-1670\">\n    \n        <div class=\"atw-flex atw-flex-none atw-items-center\">\n        \n                        \n\n<div class=\"wpa-picture-grid wpa-block-list-view-grid atw-flex atw-grow\">\n    <div class=\"atw-flex atw-items-center atw-box-border atw-w-full atw-bg-gray-50 atw-rounded atw-overflow-hidden atw-h-56\">\n                    <img decoding=\"async\" src=\"https:\/\/wtomaszowie.pl\/wp-content\/uploads\/2026\/04\/2-1-310x207.jpeg\" class=\"atw-w-full atw-max-w-full atw-max-h-full atw-block atw-rounded-none atw-border-0 atw-shadow-none atw-object-contain\" title=\"\" alt=\"\" \/>\n        <\/div>\n<\/div>        \n    <\/div>\n           \n    <div class=\"wpa-result-details atw-flex atw-grow\">\n    \n        <div class=\"wpa-detail-left atw-flex atw-flex-col atw-flex-1  \">\n\n            <div class=\"wpa-result-title atw-mb-1 atw-leading-snug\">\n                <a href=\"https:\/\/wtomaszowie.pl\/?advert=na-sprzedaz-nieruchomosc-polozona-w-tomaszowie-lubelskim-przy-ul-slowackiego\" title=\"Na sprzeda\u017c nieruchomo\u015b\u0107 po\u0142o\u017cona w Tomaszowie Lubelskim przy ul. S\u0142owackiego\" class=\"wpa-result-link atw-inline-block atw-no-underline \">\n                    <span class=\"wpa-result-title-text atw-inline-block atw-max-h-16 atw-text-gray-700 atw-text-lg atw-leading-tight atw-font-semibold atw-break-normal\">Na sprzeda\u017c nieruchomo\u015b\u0107 po\u0142o\u017cona w Tomaszowie Lubelskim przy ul. S\u0142owackiego<\/span>\n                                    <\/a>\n            <\/div>\n\n            <div class=\"wpa-result-meta atw-flex atw-flex-none atw-text-base atw-font-medium atw-text-gray-500\">\n\n                                <div class=\"wpa-result-meta--pattern__post_date\">20\/04\/2026<\/div>                                                \n            <\/div>\n\n\n        <\/div>\n\n                <div class=\"wpa-detail-right wpa-result-last atw-flex atw-items-center \">\n                    <\/div>\n                \n    <\/div>\n    \n        \n\n<\/div>                <div class=\"wpa-result-item atw-flex atw-border-solid atw-px-0 atw-border-0 atw-border-t atw-border-gray-100 hover:atw-bg-gray-50 atw-relative  advert-id-1662\">\n    \n        <div class=\"atw-flex atw-flex-none atw-items-center\">\n        \n                        \n\n<div class=\"wpa-picture-grid wpa-block-list-view-grid atw-flex atw-grow\">\n    <div class=\"atw-flex atw-items-center atw-box-border atw-w-full atw-bg-gray-50 atw-rounded atw-overflow-hidden atw-h-56\">\n                    <img decoding=\"async\" src=\"https:\/\/wtomaszowie.pl\/wp-content\/uploads\/2026\/04\/671588234_1432692388872286_8812865084416356499_n-310x207.jpg\" class=\"atw-w-full atw-max-w-full atw-max-h-full atw-block atw-rounded-none atw-border-0 atw-shadow-none atw-object-contain\" title=\"\" alt=\"\" \/>\n        <\/div>\n<\/div>        \n    <\/div>\n           \n    <div class=\"wpa-result-details atw-flex atw-grow\">\n    \n        <div class=\"wpa-detail-left atw-flex atw-flex-col atw-flex-1  \">\n\n            <div class=\"wpa-result-title atw-mb-1 atw-leading-snug\">\n                <a href=\"https:\/\/wtomaszowie.pl\/?advert=%f0%9f%8c%bf-na-sprzedaz-wyjatkowa-dzialka-37-arow-w-centrum-tomaszow-lubelski-ul-zwirki-i-wigury-%f0%9f%8f%a1\" title=\"\ud83c\udf3f Na sprzeda\u017c \u2013 wyj\u0105tkowa dzia\u0142ka 37 ar\u00f3w w centrum | Tomasz\u00f3w Lubelski, ul. \u017bwirki i Wigury \ud83c\udfe1\" class=\"wpa-result-link atw-inline-block atw-no-underline \">\n                    <span class=\"wpa-result-title-text atw-inline-block atw-max-h-16 atw-text-gray-700 atw-text-lg atw-leading-tight atw-font-semibold atw-break-normal\">\ud83c\udf3f Na sprzeda\u017c \u2013 wyj\u0105tkowa dzia\u0142ka 37 ar\u00f3w w centrum | Tomasz\u00f3w Lubelski, ul. \u017bwirki i Wigury \ud83c\udfe1<\/span>\n                                    <\/a>\n            <\/div>\n\n            <div class=\"wpa-result-meta atw-flex atw-flex-none atw-text-base atw-font-medium atw-text-gray-500\">\n\n                                <div class=\"wpa-result-meta--pattern__post_date\">20\/04\/2026<\/div>                                                \n            <\/div>\n\n\n        <\/div>\n\n                <div class=\"wpa-detail-right wpa-result-last atw-flex atw-items-center \">\n                    <\/div>\n                \n    <\/div>\n    \n        \n\n<\/div>                <div class=\"wpa-result-item atw-flex atw-border-solid atw-px-0 atw-border-0 atw-border-t atw-border-gray-100 hover:atw-bg-gray-50 atw-relative  advert-id-1652\">\n    \n        <div class=\"atw-flex atw-flex-none atw-items-center\">\n        \n                        \n\n<div class=\"wpa-picture-grid wpa-block-list-view-grid atw-flex atw-grow\">\n    <div class=\"atw-flex atw-items-center atw-box-border atw-w-full atw-bg-gray-50 atw-rounded atw-overflow-hidden atw-h-56\">\n                    <img decoding=\"async\" src=\"https:\/\/wtomaszowie.pl\/wp-content\/uploads\/2026\/04\/ChatGPT-Image-19-kwi-2026-21_38_52-310x206.png\" class=\"atw-w-full atw-max-w-full atw-max-h-full atw-block atw-rounded-none atw-border-0 atw-shadow-none atw-object-contain\" title=\"\" alt=\"\" \/>\n        <\/div>\n<\/div>        \n    <\/div>\n           \n    <div class=\"wpa-result-details atw-flex atw-grow\">\n    \n        <div class=\"wpa-detail-left atw-flex atw-flex-col atw-flex-1  \">\n\n            <div class=\"wpa-result-title atw-mb-1 atw-leading-snug\">\n                <a href=\"https:\/\/wtomaszowie.pl\/?advert=na-sprzedaz-dzialka-inwestycyjna-46-ar-justynowka-biala-gora-serce-roztocza\" title=\"Na sprzeda\u017c: Dzia\u0142ka inwestycyjna 46 ar | Justyn\u00f3wka \u2013 Bia\u0142a G\u00f3ra | Serce Roztocza\" class=\"wpa-result-link atw-inline-block atw-no-underline \">\n                    <span class=\"wpa-result-title-text atw-inline-block atw-max-h-16 atw-text-gray-700 atw-text-lg atw-leading-tight atw-font-semibold atw-break-normal\">Na sprzeda\u017c: Dzia\u0142ka inwestycyjna 46 ar | Justyn\u00f3wka \u2013 Bia\u0142a G\u00f3ra | Serce Roztocza<\/span>\n                                    <\/a>\n            <\/div>\n\n            <div class=\"wpa-result-meta atw-flex atw-flex-none atw-text-base atw-font-medium atw-text-gray-500\">\n\n                                <div class=\"wpa-result-meta--pattern__post_date\">20\/04\/2026<\/div>                                                \n            <\/div>\n\n\n        <\/div>\n\n                <div class=\"wpa-detail-right wpa-result-last atw-flex atw-items-center \">\n                    <\/div>\n                \n    <\/div>\n    \n        \n\n<\/div>                <div class=\"wpa-result-item atw-flex atw-border-solid atw-px-0 atw-border-0 atw-border-t atw-border-gray-100 hover:atw-bg-gray-50 atw-relative  advert-id-1294\">\n    \n        <div class=\"atw-flex atw-flex-none atw-items-center\">\n        \n                        \n\n<div class=\"wpa-picture-grid wpa-block-list-view-grid atw-flex atw-grow\">\n    <div class=\"atw-flex atw-items-center atw-box-border atw-w-full atw-bg-gray-50 atw-rounded atw-overflow-hidden atw-h-56\">\n                    <img decoding=\"async\" src=\"https:\/\/wtomaszowie.pl\/wp-content\/uploads\/2026\/03\/8C6D0AE3-B7F1-46D1-92D5-15BED21955ED-246x310.jpg\" class=\"atw-w-full atw-max-w-full atw-max-h-full atw-block atw-rounded-none atw-border-0 atw-shadow-none atw-object-contain\" title=\"\" alt=\"\" \/>\n        <\/div>\n<\/div>        \n    <\/div>\n           \n    <div class=\"wpa-result-details atw-flex atw-grow\">\n    \n        <div class=\"wpa-detail-left atw-flex atw-flex-col atw-flex-1  \">\n\n            <div class=\"wpa-result-title atw-mb-1 atw-leading-snug\">\n                <a href=\"https:\/\/wtomaszowie.pl\/?advert=nowa-oferta-dom-w-zabudowie-szeregowej-na-sprzedaz\" title=\"NOWA OFERTA DOM W ZABUDOWIE SZEREGOWEJ NA SPRZEDA\u017b\" class=\"wpa-result-link atw-inline-block atw-no-underline \">\n                    <span class=\"wpa-result-title-text atw-inline-block atw-max-h-16 atw-text-gray-700 atw-text-lg atw-leading-tight atw-font-semibold atw-break-normal\">NOWA OFERTA DOM W ZABUDOWIE SZEREGOWEJ NA SPRZEDA\u017b<\/span>\n                                    <\/a>\n            <\/div>\n\n            <div class=\"wpa-result-meta atw-flex atw-flex-none atw-text-base atw-font-medium atw-text-gray-500\">\n\n                                <div class=\"wpa-result-meta--pattern__post_date\">17\/03\/2026<\/div>                                                \n            <\/div>\n\n\n        <\/div>\n\n                <div class=\"wpa-detail-right wpa-result-last atw-flex atw-items-center \">\n                    <\/div>\n                \n    <\/div>\n    \n        \n\n<\/div>                <div class=\"wpa-result-item atw-flex atw-border-solid atw-px-0 atw-border-0 atw-border-t atw-border-gray-100 hover:atw-bg-gray-50 atw-relative  advert-id-1160\">\n    \n        <div class=\"atw-flex atw-flex-none atw-items-center\">\n        \n                        \n\n<div class=\"wpa-picture-grid wpa-block-list-view-grid atw-flex atw-grow\">\n    <div class=\"atw-flex atw-items-center atw-box-border atw-w-full atw-bg-gray-50 atw-rounded atw-overflow-hidden atw-h-56\">\n                    <img decoding=\"async\" src=\"https:\/\/wtomaszowie.pl\/wp-content\/uploads\/2026\/03\/585351716_1311420764332783_8740238039173360455_n-1024x968-1-310x293.jpg\" class=\"atw-w-full atw-max-w-full atw-max-h-full atw-block atw-rounded-none atw-border-0 atw-shadow-none atw-object-contain\" title=\"\" alt=\"\" \/>\n        <\/div>\n<\/div>        \n    <\/div>\n           \n    <div class=\"wpa-result-details atw-flex atw-grow\">\n    \n        <div class=\"wpa-detail-left atw-flex atw-flex-col atw-flex-1  \">\n\n            <div class=\"wpa-result-title atw-mb-1 atw-leading-snug\">\n                <a href=\"https:\/\/wtomaszowie.pl\/?advert=mieszkanie-50-m%c2%b2-tomaszow-lubelski-ul-matejki-6\" title=\"Mieszkanie 50 m\u00b2 \u2013 Tomasz\u00f3w Lubelski, ul. Matejki 6\" class=\"wpa-result-link atw-inline-block atw-no-underline \">\n                    <span class=\"wpa-result-title-text atw-inline-block atw-max-h-16 atw-text-gray-700 atw-text-lg atw-leading-tight atw-font-semibold atw-break-normal\">Mieszkanie 50 m\u00b2 \u2013 Tomasz\u00f3w Lubelski, ul. Matejki 6<\/span>\n                                    <\/a>\n            <\/div>\n\n            <div class=\"wpa-result-meta atw-flex atw-flex-none atw-text-base atw-font-medium atw-text-gray-500\">\n\n                                <div class=\"wpa-result-meta--pattern__post_date\">09\/03\/2026<\/div>                                                \n            <\/div>\n\n\n        <\/div>\n\n                <div class=\"wpa-detail-right wpa-result-last atw-flex atw-items-center \">\n                    <\/div>\n                \n    <\/div>\n    \n        \n\n<\/div>                            <\/div>\n\n        <div class=\"wpadverts-pagination\">\n            <\/div>\n    \n    \n<\/div>","protected":false},"excerpt":{"rendered":"","protected":false},"author":1,"featured_media":0,"parent":0,"menu_order":0,"comment_status":"closed","ping_status":"closed","template":"","meta":{"_acf_changed":false,"footnotes":""},"class_list":["post-1134","page","type-page","status-publish","hentry"],"acf":[],"_links":{"self":[{"href":"https:\/\/wtomaszowie.pl\/index.php?rest_route=\/wp\/v2\/pages\/1134","targetHints":{"allow":["GET"]}}],"collection":[{"href":"https:\/\/wtomaszowie.pl\/index.php?rest_route=\/wp\/v2\/pages"}],"about":[{"href":"https:\/\/wtomaszowie.pl\/index.php?rest_route=\/wp\/v2\/types\/page"}],"author":[{"embeddable":true,"href":"https:\/\/wtomaszowie.pl\/index.php?rest_route=\/wp\/v2\/users\/1"}],"replies":[{"embeddable":true,"href":"https:\/\/wtomaszowie.pl\/index.php?rest_route=%2Fwp%2Fv2%2Fcomments&post=1134"}],"version-history":[{"count":0,"href":"https:\/\/wtomaszowie.pl\/index.php?rest_route=\/wp\/v2\/pages\/1134\/revisions"}],"wp:attachment":[{"href":"https:\/\/wtomaszowie.pl\/index.php?rest_route=%2Fwp%2Fv2%2Fmedia&parent=1134"}],"curies":[{"name":"wp","href":"https:\/\/api.w.org\/{rel}","templated":true}]}}